{"id":303852,"date":"2025-10-01T09:37:38","date_gmt":"2025-10-01T07:37:38","guid":{"rendered":"https:\/\/www.la-tua-casa.it\/progetti-attuali\/"},"modified":"2025-11-22T17:44:29","modified_gmt":"2025-11-22T15:44:29","slug":"progetti-attuali","status":"publish","type":"page","link":"https:\/\/www.la-tua-casa.it\/it\/progetti-attuali\/","title":{"rendered":"Progetti attuali"},"content":{"rendered":"<p>[et_pb_section fb_built=&#8221;1&#8243; admin_label=&#8221;Header Section&#8221; _builder_version=&#8221;4.27.3&#8243; background_image=&#8221;https:\/\/www.la-tua-casa.it\/wp-content\/uploads\/2025\/09\/36-casolare-nelle-Marche-scaled.jpg&#8221; background_position=&#8221;top_center&#8221; background_vertical_offset=&#8221;81%&#8221; custom_margin=&#8221;||||false|false&#8221; custom_padding=&#8221;7%||3%||false|false&#8221; locked=&#8221;off&#8221; global_colors_info=&#8221;{}&#8221;][et_pb_row column_structure=&#8221;1_2,1_2&#8243; use_custom_gutter=&#8221;on&#8221; gutter_width=&#8221;1&#8243; admin_label=&#8221;Riga introduttiva&#8221; module_class=&#8221; et_pb_row_fullwidth&#8221; _builder_version=&#8221;4.27.3&#8243; width=&#8221;100%&#8221; width_tablet=&#8221;100%&#8221; width_phone=&#8221;100%&#8221; width_last_edited=&#8221;on|desktop&#8221; max_width=&#8221;100%&#8221; max_width_tablet=&#8221;100%&#8221; max_width_phone=&#8221;100%&#8221; max_width_last_edited=&#8221;on|desktop&#8221; custom_margin=&#8221;0px||5%||false|false&#8221; custom_padding=&#8221;0px||0px||true|false&#8221; make_fullwidth=&#8221;on&#8221; locked=&#8221;off&#8221; global_colors_info=&#8221;{}&#8221;][et_pb_column type=&#8221;1_2&#8243; _builder_version=&#8221;4.27.3&#8243; background_color=&#8221;rgba(239,239,239,0.88)&#8221; custom_padding=&#8221;50px|20px|50px||true|false&#8221; global_colors_info=&#8221;{}&#8221; custom_padding__hover=&#8221;|||&#8221;][et_pb_text _builder_version=&#8221;4.27.3&#8243; _module_preset=&#8221;c16985e1-e0d6-4022-964d-e2bfc04fa633&#8243; header_font=&#8221;Cormorant Garamond|700|||||||&#8221; header_text_color=&#8221;#353535&#8243; header_font_size=&#8221;65px&#8221; header_line_height=&#8221;1.1em&#8221; max_width=&#8221;600px&#8221; module_alignment=&#8221;right&#8221; custom_padding_tablet=&#8221;|2%||2%|false|true&#8221; custom_padding_phone=&#8221;|20px||20px|false|true&#8221; custom_padding_last_edited=&#8221;on|phone&#8221; hover_enabled=&#8221;0&#8243; header_font_size_tablet=&#8221;65px&#8221; header_font_size_phone=&#8221;40px&#8221; header_font_size_last_edited=&#8221;on|phone&#8221; global_colors_info=&#8221;{}&#8221; sticky_enabled=&#8221;0&#8243; max_width_last_edited=&#8221;on|tablet&#8221; max_width_tablet=&#8221;700px&#8221; module_alignment_last_edited=&#8221;on|tablet&#8221; module_alignment_tablet=&#8221;center&#8221; max_width_phone=&#8221;700px&#8221; module_alignment_phone=&#8221;center&#8221;]<\/p>\n<h1>Realizziamo i sogni.<\/h1>\n<p>[\/et_pb_text][\/et_pb_column][et_pb_column type=&#8221;1_2&#8243; _builder_version=&#8221;4.27.3&#8243; background_enable_color=&#8221;off&#8221; transform_translate=&#8221;0px|15%&#8221; transform_translate_tablet=&#8221;0px|10%&#8221; transform_translate_phone=&#8221;0px|10%&#8221; transform_translate_last_edited=&#8221;on|tablet&#8221; transform_translate_linked=&#8221;off&#8221; custom_padding=&#8221;0px||0px||true|true&#8221; custom_padding_tablet=&#8221;30px|30px|30px|30px|true|true&#8221; custom_padding_phone=&#8221;0px|0px|0px|0px|true|true&#8221; custom_padding_last_edited=&#8221;on|phone&#8221; global_colors_info=&#8221;{}&#8221; custom_padding__hover=&#8221;|||&#8221;][et_pb_text content_tablet=&#8221; <\/p>\n<p>Luoghi in cui si accumula la nostra esperienza.<\/p>\n<p>%22La tua Casa%22 pu\u00f2 vantare %22sogni%22 realizzati che si possono vedere, ed \u00e8 anche questo che ci rende cos\u00ec unici.<\/p>\n<p>Pensiamo e progettiamo molto, ci confrontiamo con i nostri partner e consulenti e arriviamo cos\u00ec a soluzioni ottimali che realizziamo insieme per e con i nostri clienti. <\/p>\n<p>Ci sembra un peccato non condividerle con voi. <\/p>\n<p>Guardate voi stessi.&#8221; content_phone=&#8221; <\/p>\n<p>Luoghi in cui si accumula la nostra esperienza.<\/p>\n<p>%22La tua Casa%22 pu\u00f2 vantare %22sogni%22 realizzati che si possono vedere, ed \u00e8 anche questo che ci rende cos\u00ec unici.<\/p>\n<p>Pensiamo e progettiamo molto, ci confrontiamo con i nostri partner e consulenti e arriviamo cos\u00ec a soluzioni ottimali che realizziamo insieme per e con i nostri clienti. <\/p>\n<p>Ci sembra un peccato non condividerle con voi. <\/p>\n<p>Guardate voi stessi.&#8221; content_last_edited=&#8221;on|phone&#8221; _builder_version=&#8221;4.27.3&#8243; _module_preset=&#8221;518880c8-46c7-4ffa-b5a6-93ffa99dcc17&#8243; text_font=&#8221;Montserrat||||||||&#8221; text_text_color=&#8221;#FFFFFF&#8221; text_font_size=&#8221;18px&#8221; text_line_height=&#8221;1.8em&#8221; link_text_color=&#8221;#7090AE&#8221; background_color=&#8221;#F9C073&#8243; transform_scale_tablet=&#8221;&#8221; transform_scale_phone=&#8221;&#8221; transform_scale_last_edited=&#8221;on|phone&#8221; transform_translate_tablet=&#8221;&#8221; transform_translate_phone=&#8221;&#8221; transform_translate_last_edited=&#8221;on|phone&#8221; transform_translate_linked_phone=&#8221;off&#8221; transform_rotate_tablet=&#8221;&#8221; transform_rotate_phone=&#8221;&#8221; transform_rotate_last_edited=&#8221;on|phone&#8221; transform_skew_tablet=&#8221;&#8221; transform_skew_phone=&#8221;&#8221; transform_skew_last_edited=&#8221;on|phone&#8221; transform_origin_tablet=&#8221;&#8221; transform_origin_phone=&#8221;&#8221; transform_origin_last_edited=&#8221;on|phone&#8221; transform_styles_last_edited=&#8221;on|phone&#8221; width=&#8221;600px&#8221; width_tablet=&#8221;600px&#8221; width_phone=&#8221;100%&#8221; width_last_edited=&#8221;on|phone&#8221; module_alignment=&#8221;left&#8221; custom_margin=&#8221;||30px||false|false&#8221; custom_padding=&#8221;50px|50px|50px|50px|true|true&#8221; custom_padding_tablet=&#8221;50px|50px|50px|50px|true|true&#8221; custom_padding_phone=&#8221;30px|20px|30px|20px|true|true&#8221; custom_padding_last_edited=&#8221;on|phone&#8221; text_font_size_tablet=&#8221;16px&#8221; text_font_size_phone=&#8221;14px&#8221; text_font_size_last_edited=&#8221;on|phone&#8221; transform_styles_tablet=&#8221;&#8221; transform_styles_phone=&#8221;&#8221; global_colors_info=&#8221;{}&#8221;]                            <\/p>\n<p>Progetti attuali che stiamo realizzando per i nostri clienti: <b>I vostri sogni<b><\/b><\/b><\/p>\n<p>[\/et_pb_text][\/et_pb_column][\/et_pb_row][\/et_pb_section][et_pb_section fb_built=&#8221;1&#8243; disabled_on=&#8221;off|off|off&#8221; admin_label=&#8221;Feature&#8221; _builder_version=&#8221;4.27.3&#8243; _module_preset=&#8221;default&#8221; custom_margin=&#8221;||-1px||false|false&#8221; border_radii=&#8221;on|5px|5px|5px|5px&#8221; collapsed=&#8221;on&#8221; global_colors_info=&#8221;{%22gcid-fd628e78-0abd-441a-9853-5b74dbc20d38%22:%91%22background_color_gradient_stops%22%93}&#8221;][et_pb_row _builder_version=&#8221;4.27.3&#8243; _module_preset=&#8221;default&#8221; global_colors_info=&#8221;{}&#8221;][et_pb_column type=&#8221;4_4&#8243; _builder_version=&#8221;4.27.3&#8243; _module_preset=&#8221;default&#8221; global_colors_info=&#8221;{}&#8221;][et_pb_text _builder_version=&#8221;4.27.3&#8243; text_font=&#8221;Montserrat|600|||||||&#8221; text_text_color=&#8221;#555555&#8243; text_font_size=&#8221;30px&#8221; header_text_align=&#8221;left&#8221; header_2_font=&#8221;Cormorant Garamond|700|||||||&#8221; header_2_text_color=&#8221;#333333&#8243; header_2_font_size=&#8221;50px&#8221; z_index=&#8221;1&#8243; text_orientation=&#8221;center&#8221; custom_margin=&#8221;||0px||false|false&#8221; text_font_size_tablet=&#8221;&#8221; text_font_size_phone=&#8221;20px&#8221; text_font_size_last_edited=&#8221;on|desktop&#8221; locked=&#8221;off&#8221; global_colors_info=&#8221;{}&#8221;]<\/p>\n<h2 style=\"text-align: left;\">Progetti attuali<\/h2>\n<p>[\/et_pb_text][et_pb_image src=&#8221;https:\/\/www.la-tua-casa.it\/wp-content\/uploads\/2025\/03\/gelb-logo.png&#8221; title_text=&#8221;logo giallo&#8221; admin_label=&#8221;Bild&#8221; _builder_version=&#8221;4.27.3&#8243; _module_preset=&#8221;default&#8221; z_index=&#8221;-1&#8243; custom_margin=&#8221;-57px||10px|-50px|false|false&#8221; custom_padding=&#8221;|||0px|false|false&#8221; locked=&#8221;off&#8221; global_colors_info=&#8221;{}&#8221;][\/et_pb_image][et_pb_code _builder_version=&#8221;4.27.3&#8243; _module_preset=&#8221;default&#8221; global_colors_info=&#8221;{}&#8221;]<div class=\"ple-front-list ple-front-list--grid\">            <article class=\"property-grid-card\">\n                <div class=\"property-grid-image\"><div class=\"ple-slider\" data-idx=\"0\"><button class=\"ple-nav ple-prev\" aria-label=\"Previous\">&#10094;<\/button><div class=\"ple-slides\"><img decoding=\"async\" class=\"ple-slide is-active\" src=\"https:\/\/www.la-tua-casa.it\/wp-content\/uploads\/2025\/10\/1-1-1024x576.png\" alt=\"\" \/><img decoding=\"async\" class=\"ple-slide\" src=\"https:\/\/www.la-tua-casa.it\/wp-content\/uploads\/2025\/10\/3-1024x576.png\" alt=\"\" \/><img decoding=\"async\" class=\"ple-slide\" src=\"https:\/\/www.la-tua-casa.it\/wp-content\/uploads\/2025\/10\/4-1024x576.png\" alt=\"\" \/><img decoding=\"async\" class=\"ple-slide\" src=\"https:\/\/www.la-tua-casa.it\/wp-content\/uploads\/2025\/10\/1-1024x576.png\" alt=\"\" \/><img decoding=\"async\" class=\"ple-slide\" src=\"https:\/\/www.la-tua-casa.it\/wp-content\/uploads\/2025\/10\/2-1024x576.png\" alt=\"\" \/><\/div><button class=\"ple-nav ple-next\" aria-label=\"Next\">&#10095;<\/button><\/div><\/div>\n                <div class=\"property-grid-info\">\n                    <h3 class=\"property-grid-title\"><a href=\"https:\/\/www.la-tua-casa.it\/it\/immobili\/la-dolce-vita\/\">LA DOLCE VITA<\/a><\/h3>\n                                            <div class=\"property-grid-address\">Cupramarittima (AP)<\/div>\n                                                        <\/div>\n            <\/article>\n                        <article class=\"property-grid-card\">\n                <div class=\"property-grid-image\"><div class=\"ple-slider\" data-idx=\"0\"><button class=\"ple-nav ple-prev\" aria-label=\"Previous\">&#10094;<\/button><div class=\"ple-slides\"><img decoding=\"async\" class=\"ple-slide is-active\" src=\"https:\/\/www.la-tua-casa.it\/wp-content\/uploads\/2025\/10\/WhatsApp-Image-2025-10-10-at-13.45.53-1-1024x478.jpeg\" alt=\"\" \/><img decoding=\"async\" class=\"ple-slide\" src=\"https:\/\/www.la-tua-casa.it\/wp-content\/uploads\/2025\/10\/20250428_162219-1024x478.jpg\" alt=\"\" \/><img decoding=\"async\" class=\"ple-slide\" src=\"https:\/\/www.la-tua-casa.it\/wp-content\/uploads\/2025\/10\/20250624_161015-1024x478.jpg\" alt=\"\" \/><img decoding=\"async\" class=\"ple-slide\" src=\"https:\/\/www.la-tua-casa.it\/wp-content\/uploads\/2025\/10\/WhatsApp-Image-2025-10-10-at-13.45.53-1024x478.jpeg\" alt=\"\" \/><img decoding=\"async\" class=\"ple-slide\" src=\"https:\/\/www.la-tua-casa.it\/wp-content\/uploads\/2025\/10\/WhatsApp-Image-2025-10-10-at-13.45.53-2-1024x478.jpeg\" alt=\"\" \/><img decoding=\"async\" class=\"ple-slide\" src=\"https:\/\/www.la-tua-casa.it\/wp-content\/uploads\/2025\/10\/20240726_122555-1024x478.jpg\" alt=\"\" \/><img decoding=\"async\" class=\"ple-slide\" src=\"https:\/\/www.la-tua-casa.it\/wp-content\/uploads\/2025\/10\/20240805_132339-1024x478.jpg\" alt=\"\" \/><img decoding=\"async\" class=\"ple-slide\" src=\"https:\/\/www.la-tua-casa.it\/wp-content\/uploads\/2025\/10\/WhatsApp-Image-2025-10-10-at-13.45.53-1-1-1024x478.jpeg\" alt=\"\" \/><\/div><button class=\"ple-nav ple-next\" aria-label=\"Next\">&#10095;<\/button><\/div><\/div>\n                <div class=\"property-grid-info\">\n                    <h3 class=\"property-grid-title\"><a href=\"https:\/\/www.la-tua-casa.it\/it\/immobili\/alba-dorata\/\">ALBA DORATA<\/a><\/h3>\n                                            <div class=\"property-grid-address\">Ripatransone (AP)<\/div>\n                                                        <\/div>\n            <\/article>\n                        <article class=\"property-grid-card\">\n                <div class=\"property-grid-image\"><div class=\"ple-slider\" data-idx=\"0\"><button class=\"ple-nav ple-prev\" aria-label=\"Previous\">&#10094;<\/button><div class=\"ple-slides\"><img decoding=\"async\" class=\"ple-slide is-active\" src=\"https:\/\/www.la-tua-casa.it\/wp-content\/uploads\/2025\/11\/IMG_3655-1024x768.jpeg\" alt=\"\" \/><img decoding=\"async\" class=\"ple-slide\" src=\"https:\/\/www.la-tua-casa.it\/wp-content\/uploads\/2025\/11\/IMG_2740-1024x768.jpg\" alt=\"\" \/><img decoding=\"async\" class=\"ple-slide\" src=\"https:\/\/www.la-tua-casa.it\/wp-content\/uploads\/2025\/11\/IMG_2730-1024x768.jpg\" alt=\"\" \/><img decoding=\"async\" class=\"ple-slide\" src=\"https:\/\/www.la-tua-casa.it\/wp-content\/uploads\/2025\/11\/IMG_2732-1024x768.jpg\" alt=\"\" \/><img decoding=\"async\" class=\"ple-slide\" src=\"https:\/\/www.la-tua-casa.it\/wp-content\/uploads\/2025\/11\/IMG_2733-1024x768.jpg\" alt=\"\" \/><img decoding=\"async\" class=\"ple-slide\" src=\"https:\/\/www.la-tua-casa.it\/wp-content\/uploads\/2025\/11\/IMG_2734-1024x768.jpg\" alt=\"\" \/><img decoding=\"async\" class=\"ple-slide\" src=\"https:\/\/www.la-tua-casa.it\/wp-content\/uploads\/2025\/11\/IMG_2736-1024x768.jpg\" alt=\"\" \/><img decoding=\"async\" class=\"ple-slide\" src=\"https:\/\/www.la-tua-casa.it\/wp-content\/uploads\/2025\/11\/IMG_2737-1024x768.jpg\" alt=\"\" \/><img decoding=\"async\" class=\"ple-slide\" src=\"https:\/\/www.la-tua-casa.it\/wp-content\/uploads\/2025\/11\/IMG_2738-1024x768.jpg\" alt=\"\" \/><img decoding=\"async\" class=\"ple-slide\" src=\"https:\/\/www.la-tua-casa.it\/wp-content\/uploads\/2025\/11\/IMG_2739-1024x768.jpg\" alt=\"\" \/><img decoding=\"async\" class=\"ple-slide\" src=\"https:\/\/www.la-tua-casa.it\/wp-content\/uploads\/2025\/11\/IMG_2740-1-1024x768.jpg\" alt=\"\" \/><img decoding=\"async\" class=\"ple-slide\" src=\"https:\/\/www.la-tua-casa.it\/wp-content\/uploads\/2025\/11\/IMG_2735-1024x768.jpg\" alt=\"\" \/><img decoding=\"async\" class=\"ple-slide\" src=\"https:\/\/www.la-tua-casa.it\/wp-content\/uploads\/2025\/11\/IMG_3656-1024x768.jpeg\" alt=\"\" \/><img decoding=\"async\" class=\"ple-slide\" src=\"https:\/\/www.la-tua-casa.it\/wp-content\/uploads\/2025\/11\/IMG_3653-1-1024x768.jpeg\" alt=\"\" \/><img decoding=\"async\" class=\"ple-slide\" src=\"https:\/\/www.la-tua-casa.it\/wp-content\/uploads\/2025\/11\/IMG_4429-1024x768.jpeg\" alt=\"\" \/><img decoding=\"async\" class=\"ple-slide\" src=\"https:\/\/www.la-tua-casa.it\/wp-content\/uploads\/2025\/11\/IMG_4427-1024x768.jpeg\" alt=\"\" \/><img decoding=\"async\" class=\"ple-slide\" src=\"https:\/\/www.la-tua-casa.it\/wp-content\/uploads\/2025\/11\/IMG_3653-1024x768.jpeg\" alt=\"\" \/><img decoding=\"async\" class=\"ple-slide\" src=\"https:\/\/www.la-tua-casa.it\/wp-content\/uploads\/2025\/11\/IMG_4428-1024x768.jpeg\" alt=\"\" \/><\/div><button class=\"ple-nav ple-next\" aria-label=\"Next\">&#10095;<\/button><\/div><\/div>\n                <div class=\"property-grid-info\">\n                    <h3 class=\"property-grid-title\"><a href=\"https:\/\/www.la-tua-casa.it\/it\/immobili\/colori-dei-campi\/\">COLORI DEI CAMPI<\/a><\/h3>\n                                            <div class=\"property-grid-address\">Ripatransone (AP)<\/div>\n                                                        <\/div>\n            <\/article>\n                        <article class=\"property-grid-card\">\n                <div class=\"property-grid-image\"><div class=\"ple-slider\" data-idx=\"0\"><button class=\"ple-nav ple-prev\" aria-label=\"Previous\">&#10094;<\/button><div class=\"ple-slides\"><img decoding=\"async\" class=\"ple-slide is-active\" src=\"https:\/\/www.la-tua-casa.it\/wp-content\/uploads\/2025\/11\/Bildschirmfoto-2025-11-01-um-13.11.45-1-1024x715.png\" alt=\"\" \/><img decoding=\"async\" class=\"ple-slide\" src=\"https:\/\/www.la-tua-casa.it\/wp-content\/uploads\/2025\/11\/Bildschirmfoto-2025-11-01-um-13.10.43-1024x930.png\" alt=\"\" \/><img decoding=\"async\" class=\"ple-slide\" src=\"https:\/\/www.la-tua-casa.it\/wp-content\/uploads\/2025\/11\/Bildschirmfoto-2025-11-01-um-13.11.04-1024x908.png\" alt=\"\" \/><img decoding=\"async\" class=\"ple-slide\" src=\"https:\/\/www.la-tua-casa.it\/wp-content\/uploads\/2025\/11\/Bildschirmfoto-2025-11-01-um-13.11.45-1024x715.png\" alt=\"\" \/><\/div><button class=\"ple-nav ple-next\" aria-label=\"Next\">&#10095;<\/button><\/div><\/div>\n                <div class=\"property-grid-info\">\n                    <h3 class=\"property-grid-title\"><a href=\"https:\/\/www.la-tua-casa.it\/it\/immobili\/mare-e-monti\/\">MARE E MONTI<\/a><\/h3>\n                                            <div class=\"property-grid-address\">Montefiore del Aso (AP)<\/div>\n                                                        <\/div>\n            <\/article>\n                        <article class=\"property-grid-card\">\n                <div class=\"property-grid-image\"><div class=\"ple-slider\" data-idx=\"0\"><button class=\"ple-nav ple-prev\" aria-label=\"Previous\">&#10094;<\/button><div class=\"ple-slides\"><img decoding=\"async\" class=\"ple-slide is-active\" src=\"https:\/\/www.la-tua-casa.it\/wp-content\/uploads\/2025\/11\/faeb4d70-0241-403c-8f90-74a0d45aed54-1024x768.jpg\" alt=\"\" \/><img decoding=\"async\" class=\"ple-slide\" src=\"https:\/\/www.la-tua-casa.it\/wp-content\/uploads\/2025\/11\/3f7600d6-7b22-4734-80af-4ec1624eb67f-1024x768.jpg\" alt=\"\" \/><img decoding=\"async\" class=\"ple-slide\" src=\"https:\/\/www.la-tua-casa.it\/wp-content\/uploads\/2025\/11\/9bbee72b-8584-4733-834d-537f7884a9f1-1024x768.jpg\" alt=\"\" \/><img decoding=\"async\" class=\"ple-slide\" src=\"https:\/\/www.la-tua-casa.it\/wp-content\/uploads\/2025\/11\/691c6e2a-5743-44d5-aa49-8224c99cbaf3-1024x768.jpg\" alt=\"\" \/><img decoding=\"async\" class=\"ple-slide\" src=\"https:\/\/www.la-tua-casa.it\/wp-content\/uploads\/2025\/11\/IMG_0087-1024x768.jpg\" alt=\"\" \/><img decoding=\"async\" class=\"ple-slide\" src=\"https:\/\/www.la-tua-casa.it\/wp-content\/uploads\/2025\/11\/IMG_9224-1024x768.jpg\" alt=\"\" \/><img decoding=\"async\" class=\"ple-slide\" src=\"https:\/\/www.la-tua-casa.it\/wp-content\/uploads\/2025\/11\/IMG_9235-1024x768.jpg\" alt=\"\" \/><img decoding=\"async\" class=\"ple-slide\" src=\"https:\/\/www.la-tua-casa.it\/wp-content\/uploads\/2025\/11\/IMG_9886-1024x768.jpg\" alt=\"\" \/><img decoding=\"async\" class=\"ple-slide\" src=\"https:\/\/www.la-tua-casa.it\/wp-content\/uploads\/2025\/11\/IMG_9893-1024x768.jpg\" alt=\"\" \/><img decoding=\"async\" class=\"ple-slide\" src=\"https:\/\/www.la-tua-casa.it\/wp-content\/uploads\/2025\/11\/IMG_3380-1024x768.jpeg\" alt=\"\" \/><img decoding=\"async\" class=\"ple-slide\" src=\"https:\/\/www.la-tua-casa.it\/wp-content\/uploads\/2025\/11\/IMG_3381-1024x768.jpeg\" alt=\"\" \/><\/div><button class=\"ple-nav ple-next\" aria-label=\"Next\">&#10095;<\/button><\/div><\/div>\n                <div class=\"property-grid-info\">\n                    <h3 class=\"property-grid-title\"><a href=\"https:\/\/www.la-tua-casa.it\/it\/immobili\/colline-doro\/\">COLLINE D`ORO<\/a><\/h3>\n                                            <div class=\"property-grid-address\">Ripatransone (AP)<\/div>\n                                                        <\/div>\n            <\/article>\n            <\/div>[\/et_pb_code][\/et_pb_column][\/et_pb_row][\/et_pb_section]<\/p>\n","protected":false},"excerpt":{"rendered":"[et_pb_section fb_built=&#8221;1&#8243; admin_label=&#8221;Header Section&#8221; _builder_version=&#8221;4.27.3&#8243; background_image=&#8221;https:\/\/www.la-tua-casa.it\/wp-content\/uploads\/2025\/09\/36-casolare-nelle-Marche-scaled.jpg&#8221; background_position=&#8221;top_center&#8221; background_vertical_offset=&#8221;81%&#8221; custom_margin=&#8221;||||false|false&#8221; custom_padding=&#8221;7%||3%||false|false&#8221;...","protected":false},"author":4,"featured_media":0,"parent":0,"menu_order":0,"comment_status":"closed","ping_status":"closed","template":"","meta":{"_et_pb_use_builder":"on","_et_pb_old_content":"","_et_gb_content_width":"","footnotes":""},"class_list":["post-303852","page","type-page","status-publish","hentry"],"yoast_head":"<!-- This site is optimized with the Yoast SEO plugin v27.5 - https:\/\/yoast.com\/product\/yoast-seo-wordpress\/ -->\n<title>Progetti attuali | La casa dei tuoi sogni nelle Marche con La tua Casa<\/title>\n<meta name=\"description\" content=\"Scoprite i nostri progetti attuali nelle Marche. La tua Casa vi accompagna nella costruzione, nella ristrutturazione o nel risanamento della casa dei vostri sogni.\" \/>\n<meta name=\"robots\" content=\"index, follow, max-snippet:-1, max-image-preview:large, max-video-preview:-1\" \/>\n<link rel=\"canonical\" href=\"https:\/\/www.la-tua-casa.it\/it\/progetti-attuali\/\" \/>\n<meta property=\"og:locale\" content=\"it_IT\" \/>\n<meta property=\"og:type\" content=\"article\" \/>\n<meta property=\"og:title\" content=\"Progetti attuali | La casa dei tuoi sogni nelle Marche con La tua Casa\" \/>\n<meta property=\"og:description\" content=\"Scoprite i nostri progetti attuali nelle Marche. La tua Casa vi accompagna nella costruzione, nella ristrutturazione o nel risanamento della casa dei vostri sogni.\" \/>\n<meta property=\"og:url\" content=\"https:\/\/www.la-tua-casa.it\/it\/progetti-attuali\/\" \/>\n<meta property=\"og:site_name\" content=\"LA tua CASA\" \/>\n<meta property=\"article:modified_time\" content=\"2025-11-22T15:44:29+00:00\" \/>\n<meta name=\"twitter:card\" content=\"summary_large_image\" \/>\n<meta name=\"twitter:label1\" content=\"Tempo di lettura stimato\" \/>\n\t<meta name=\"twitter:data1\" content=\"4 minutes\" \/>\n<script type=\"application\/ld+json\" class=\"yoast-schema-graph\">{\"@context\":\"https:\\\/\\\/schema.org\",\"@graph\":[{\"@type\":\"WebPage\",\"@id\":\"https:\\\/\\\/www.la-tua-casa.it\\\/it\\\/progetti-attuali\\\/\",\"url\":\"https:\\\/\\\/www.la-tua-casa.it\\\/it\\\/progetti-attuali\\\/\",\"name\":\"Progetti attuali | La casa dei tuoi sogni nelle Marche con La tua Casa\",\"isPartOf\":{\"@id\":\"https:\\\/\\\/www.la-tua-casa.it\\\/it\\\/#website\"},\"datePublished\":\"2025-10-01T07:37:38+00:00\",\"dateModified\":\"2025-11-22T15:44:29+00:00\",\"description\":\"Scoprite i nostri progetti attuali nelle Marche. La tua Casa vi accompagna nella costruzione, nella ristrutturazione o nel risanamento della casa dei vostri sogni.\",\"breadcrumb\":{\"@id\":\"https:\\\/\\\/www.la-tua-casa.it\\\/it\\\/progetti-attuali\\\/#breadcrumb\"},\"inLanguage\":\"it-IT\",\"potentialAction\":[{\"@type\":\"ReadAction\",\"target\":[\"https:\\\/\\\/www.la-tua-casa.it\\\/it\\\/progetti-attuali\\\/\"]}]},{\"@type\":\"BreadcrumbList\",\"@id\":\"https:\\\/\\\/www.la-tua-casa.it\\\/it\\\/progetti-attuali\\\/#breadcrumb\",\"itemListElement\":[{\"@type\":\"ListItem\",\"position\":1,\"name\":\"Home\",\"item\":\"https:\\\/\\\/www.la-tua-casa.it\\\/it\\\/\"},{\"@type\":\"ListItem\",\"position\":2,\"name\":\"Progetti attuali\"}]},{\"@type\":\"WebSite\",\"@id\":\"https:\\\/\\\/www.la-tua-casa.it\\\/it\\\/#website\",\"url\":\"https:\\\/\\\/www.la-tua-casa.it\\\/it\\\/\",\"name\":\"LA tua CASA\",\"description\":\"Immobiliare\",\"potentialAction\":[{\"@type\":\"SearchAction\",\"target\":{\"@type\":\"EntryPoint\",\"urlTemplate\":\"https:\\\/\\\/www.la-tua-casa.it\\\/it\\\/?s={search_term_string}\"},\"query-input\":{\"@type\":\"PropertyValueSpecification\",\"valueRequired\":true,\"valueName\":\"search_term_string\"}}],\"inLanguage\":\"it-IT\"}]}<\/script>\n<!-- \/ Yoast SEO plugin. -->","yoast_head_json":{"title":"Progetti attuali | La casa dei tuoi sogni nelle Marche con La tua Casa","description":"Scoprite i nostri progetti attuali nelle Marche. La tua Casa vi accompagna nella costruzione, nella ristrutturazione o nel risanamento della casa dei vostri sogni.","robots":{"index":"index","follow":"follow","max-snippet":"max-snippet:-1","max-image-preview":"max-image-preview:large","max-video-preview":"max-video-preview:-1"},"canonical":"https:\/\/www.la-tua-casa.it\/it\/progetti-attuali\/","og_locale":"it_IT","og_type":"article","og_title":"Progetti attuali | La casa dei tuoi sogni nelle Marche con La tua Casa","og_description":"Scoprite i nostri progetti attuali nelle Marche. La tua Casa vi accompagna nella costruzione, nella ristrutturazione o nel risanamento della casa dei vostri sogni.","og_url":"https:\/\/www.la-tua-casa.it\/it\/progetti-attuali\/","og_site_name":"LA tua CASA","article_modified_time":"2025-11-22T15:44:29+00:00","twitter_card":"summary_large_image","twitter_misc":{"Tempo di lettura stimato":"4 minutes"},"schema":{"@context":"https:\/\/schema.org","@graph":[{"@type":"WebPage","@id":"https:\/\/www.la-tua-casa.it\/it\/progetti-attuali\/","url":"https:\/\/www.la-tua-casa.it\/it\/progetti-attuali\/","name":"Progetti attuali | La casa dei tuoi sogni nelle Marche con La tua Casa","isPartOf":{"@id":"https:\/\/www.la-tua-casa.it\/it\/#website"},"datePublished":"2025-10-01T07:37:38+00:00","dateModified":"2025-11-22T15:44:29+00:00","description":"Scoprite i nostri progetti attuali nelle Marche. La tua Casa vi accompagna nella costruzione, nella ristrutturazione o nel risanamento della casa dei vostri sogni.","breadcrumb":{"@id":"https:\/\/www.la-tua-casa.it\/it\/progetti-attuali\/#breadcrumb"},"inLanguage":"it-IT","potentialAction":[{"@type":"ReadAction","target":["https:\/\/www.la-tua-casa.it\/it\/progetti-attuali\/"]}]},{"@type":"BreadcrumbList","@id":"https:\/\/www.la-tua-casa.it\/it\/progetti-attuali\/#breadcrumb","itemListElement":[{"@type":"ListItem","position":1,"name":"Home","item":"https:\/\/www.la-tua-casa.it\/it\/"},{"@type":"ListItem","position":2,"name":"Progetti attuali"}]},{"@type":"WebSite","@id":"https:\/\/www.la-tua-casa.it\/it\/#website","url":"https:\/\/www.la-tua-casa.it\/it\/","name":"LA tua CASA","description":"Immobiliare","potentialAction":[{"@type":"SearchAction","target":{"@type":"EntryPoint","urlTemplate":"https:\/\/www.la-tua-casa.it\/it\/?s={search_term_string}"},"query-input":{"@type":"PropertyValueSpecification","valueRequired":true,"valueName":"search_term_string"}}],"inLanguage":"it-IT"}]}},"_links":{"self":[{"href":"https:\/\/www.la-tua-casa.it\/it\/wp-json\/wp\/v2\/pages\/303852","targetHints":{"allow":["GET"]}}],"collection":[{"href":"https:\/\/www.la-tua-casa.it\/it\/wp-json\/wp\/v2\/pages"}],"about":[{"href":"https:\/\/www.la-tua-casa.it\/it\/wp-json\/wp\/v2\/types\/page"}],"author":[{"embeddable":true,"href":"https:\/\/www.la-tua-casa.it\/it\/wp-json\/wp\/v2\/users\/4"}],"replies":[{"embeddable":true,"href":"https:\/\/www.la-tua-casa.it\/it\/wp-json\/wp\/v2\/comments?post=303852"}],"version-history":[{"count":4,"href":"https:\/\/www.la-tua-casa.it\/it\/wp-json\/wp\/v2\/pages\/303852\/revisions"}],"predecessor-version":[{"id":305214,"href":"https:\/\/www.la-tua-casa.it\/it\/wp-json\/wp\/v2\/pages\/303852\/revisions\/305214"}],"wp:attachment":[{"href":"https:\/\/www.la-tua-casa.it\/it\/wp-json\/wp\/v2\/media?parent=303852"}],"curies":[{"name":"wp","href":"https:\/\/api.w.org\/{rel}","templated":true}]}}